{"id":35659,"date":"2023-08-11T11:27:36","date_gmt":"2023-08-11T09:27:36","guid":{"rendered":"https:\/\/book2net.net\/?page_id=35659"},"modified":"2025-01-28T10:35:48","modified_gmt":"2025-01-28T09:35:48","slug":"karriere","status":"publish","type":"page","link":"https:\/\/book2net.net\/de\/karriere\/","title":{"rendered":"Karriere"},"content":{"rendered":"\n\n\t<section class=\"section dark\" id=\"section_80912008\">\n\t\t<div class=\"section-bg fill\" >\n\t\t\t<img loading=\"lazy\" decoding=\"async\" width=\"2560\" height=\"1707\" src=\"https:\/\/book2net.net\/wp-content\/uploads\/2023\/07\/Header-TimWelp-Kopie-scaled.jpg\" class=\"bg attachment-original size-original\" alt=\"\" \/>\t\t\t\t\t\t<div class=\"section-bg-overlay absolute fill\"><\/div>\n\t\t\t\n\n\t\t<\/div>\n\n\t\t\n\n\t\t<div class=\"section-content relative\">\n\t\t\t\n\n<div class=\"row align-center\" style=\"max-width:1300px\" id=\"row-514167918\">\n\n\n\t<div id=\"col-608762194\" class=\"col medium-11 small-9 large-11\"  >\n\t\t\t\t<div class=\"col-inner text-left\"  >\n\t\t\t\n\t\t\t\n\n\t<div id=\"text-1273193336\" class=\"text\">\n\t\t\n\n<h1 class=\"uppercase\"><span style=\"color: #000;\"><span style=\"color: #ed1c24;\">JOIN US!<\/span> WIR SUCHEN DICH!<\/span><\/h1>\n\t\t\n<style>\n#text-1273193336 {\n  font-size: 1.5rem;\n  text-align: left;\n}\n@media (min-width:550px) {\n  #text-1273193336 {\n    font-size: 2.7rem;\n  }\n}\n@media (min-width:850px) {\n  #text-1273193336 {\n    font-size: 3rem;\n    text-align: center;\n  }\n}\n<\/style>\n\t<\/div>\n\t\n\t<div id=\"gap-244863054\" class=\"gap-element clearfix\" style=\"display:block; height:auto;\">\n\t\t\n<style>\n#gap-244863054 {\n  padding-top: 30px;\n}\n<\/style>\n\t<\/div>\n\t\n\n\n\t\t<\/div>\n\t\t\t\t\n<style>\n#col-608762194 > .col-inner {\n  margin: 350px 0px 0px 50px;\n}\n@media (min-width:550px) {\n  #col-608762194 > .col-inner {\n    margin: 350px 0px 0px 180px;\n  }\n}\n@media (min-width:850px) {\n  #col-608762194 > .col-inner {\n    margin: 440px 0px 0px 300px;\n  }\n}\n<\/style>\n\t<\/div>\n\n\t\n\n<\/div>\n\n\t\t<\/div>\n\n\t\t\n<style>\n#section_80912008 {\n  padding-top: 30px;\n  padding-bottom: 30px;\n  min-height: 350px;\n  background-color: rgba(79, 79, 79, 0);\n}\n#section_80912008 .section-bg-overlay {\n  background-color: rgba(255,255,255,.5);\n}\n#section_80912008 .section-bg img {\n  object-position: 25% 0%;\n}\n@media (min-width:550px) {\n  #section_80912008 {\n    min-height: 800px;\n  }\n}\n<\/style>\n\t<\/section>\n\t\n\n\t<section class=\"section dark\" id=\"section_15695994\">\n\t\t<div class=\"section-bg fill\" >\n\t\t\t\t\t\t\t\t\t\n\t\t\t\n\n\t\t<\/div>\n\n\t\t\n\n\t\t<div class=\"section-content relative\">\n\t\t\t\n\n\t<div id=\"gap-360732542\" class=\"gap-element clearfix\" style=\"display:block; height:auto;\">\n\t\t\n<style>\n#gap-360732542 {\n  padding-top: 30px;\n}\n<\/style>\n\t<\/div>\n\t\n\n<div class=\"text-center\"><div class=\"is-divider divider clearfix\" style=\"margin-top:0px;margin-bottom:0px;max-width:500px;height:1px;background-color:rgb(79, 79, 79);\"><\/div><\/div>\n\n<div class=\"row row-collapse align-center\"  id=\"row-1437672775\">\n\n\n\t<div id=\"col-875612864\" class=\"col medium-9 small-12 large-8\"  >\n\t\t\t\t<div class=\"col-inner\"  >\n\t\t\t\n\t\t\t\n\n\t<div id=\"text-4256877450\" class=\"text\">\n\t\t\n\n<h2><span style=\"color: #282828; font-size: 90%;\">Werde Teil unseres Teams<\/span><\/h2>\n\t\t\n<style>\n#text-4256877450 {\n  font-size: 1.75rem;\n  text-align: center;\n}\n<\/style>\n\t<\/div>\n\t\n\n\t\t<\/div>\n\t\t\t\t\t<\/div>\n\n\t\n\n<\/div>\n<div class=\"row row-small align-center\" style=\"max-width:1300px\" id=\"row-840437709\">\n\n\n\t<div id=\"col-2034943263\" class=\"col medium-9 small-12 large-10\"  >\n\t\t\t\t<div class=\"col-inner text-center\"  >\n\t\t\t\n\t\t\t\n\n\t<div id=\"text-1046619991\" class=\"text\">\n\t\t\n\n<h5 style=\"text-align: center;\"><span style=\"color: #282828; font-size: 100%;\">Die<strong> MICROBOX GmbH<\/strong> aus Bad Nauheim ist f\u00fchrender Hersteller von hochmodernen Scanl\u00f6sungen, die wir speziell f\u00fcr den Einsatz im Kulturbereich entwickeln. Unsere innovativen L\u00f6sungen erm\u00f6glichen die digitale Erfassung von B\u00fcchern, historischen Dokumenten und wertvollen Kunstwerken, wodurch diese Sch\u00e4tze f\u00fcr zuk\u00fcnftige Generationen bewahrt werden. Mit unserer langj\u00e4hrigen Erfahrung und technologischen Knowhow sind wir bestrebt, Kulturen zu verbinden und den Zugang zu Wissen zu erleichtern.<\/span><\/h5>\n<h3 style=\"text-align: center;\"><span style=\"color: #282828; font-size: 110%;\"><strong>Zur Unterst\u00fctzung unseres Teams suchen wir aktuell eine\/n<\/strong><\/span><\/h3>\n\t\t\n<style>\n#text-1046619991 {\n  line-height: 2;\n  text-align: center;\n}\n<\/style>\n\t<\/div>\n\t\n\n\t\t<\/div>\n\t\t\t\t\t<\/div>\n\n\t\n\n<\/div>\n\n\t\t<\/div>\n\n\t\t\n<style>\n#section_15695994 {\n  padding-top: 35px;\n  padding-bottom: 35px;\n  background-color: rgba(255, 255, 255, 0.087);\n}\n@media (min-width:850px) {\n  #section_15695994 {\n    padding-top: 30px;\n    padding-bottom: 30px;\n  }\n}\n<\/style>\n\t<\/section>\n\t\n\n\t<section class=\"section dark\" id=\"section_802866948\">\n\t\t<div class=\"section-bg fill\" >\n\t\t\t\t\t\t\t\t\t\n\t\t\t\n\n\t\t<\/div>\n\n\t\t\n\n\t\t<div class=\"section-content relative\">\n\t\t\t\n\n<div class=\"row row-collapse row-full-width align-middle align-center\"  id=\"row-1022893126\">\n\n\n\t<div id=\"col-2066964831\" class=\"col medium-12 small-12 large-9\"  >\n\t\t\t\t<div class=\"col-inner text-center\"  >\n\t\t\t\n\t\t\t\n\n<div class=\"row row-collapse\"  id=\"row-940680015\">\n\n\n\t<div id=\"col-9734857\" class=\"col medium-11 small-12 large-10\"  >\n\t\t\t\t<div class=\"col-inner text-center\" style=\"background-color:rgb(160, 160, 160);\" >\n\t\t\t\n\t<div class=\"is-border\"\n\t\tstyle=\"border-width:0px 0px 0px 0px;margin:0px 0px 0px 0px;\">\n\t<\/div>\n\t\t\t\n\n<div class=\"accordion\">\n\n\t<div id=\"accordion-4132441528\" class=\"accordion-item\">\n\t\t<a id=\"accordion-4132441528-label\" class=\"accordion-title plain\" href=\"#accordion-item-servicetechniker-(w\/m\/d)-in-vollzeit-im-au\u00dfendienst-f\u00fcr-die-region-%20baden-w\u00fcrttemberg-\/-bayern-\/-\u00d6sterreich\" aria-expanded=\"false\" aria-controls=\"accordion-4132441528-content\" >\n\t\t\t<button class=\"toggle\" aria-label=\"Umschalten\"><i class=\"icon-angle-down\"><\/i><\/button>\n\t\t\t<span>Servicetechniker (w\/m\/d) in Vollzeit im Au\u00dfendienst f\u00fcr die Region  Baden W\u00fcrttemberg \/ Bayern \/ \u00d6sterreich<\/span>\n\t\t<\/a>\n\t\t<div id=\"accordion-4132441528-content\" class=\"accordion-inner\" aria-labelledby=\"accordion-4132441528-label\" >\n\t\t\t\n\n\t<div id=\"text-1550110111\" class=\"text\">\n\t\t\n\n<h2 class=\"uppercase\" style=\"text-align: left;\"><span style=\"color: #333333; font-size: 90%;\"><strong>DEINE AUFGABEN<\/strong><\/span><\/h2>\n<ul style=\"text-align: left;\">\n<li>Selbstst\u00e4ndige Wartung, Inbetriebnahmen und Service bei unseren Kunden<\/li>\n<li>Technische Kundenbetreuung im Servicegebiet<\/li>\n<li>Sicherstellung eines hohen Qualit\u00e4tsstandards<\/li>\n<li>Erf\u00fcllung Ihres Teils f\u00fcr eine hohe Kundenzufriedenheit<\/li>\n<\/ul>\n<h2 class=\"uppercase\" style=\"text-align: left;\"><span style=\"color: #333333; font-size: 90%;\"><strong>DAS BRINGST DU MIT<\/strong><\/span><\/h2>\n<ul style=\"text-align: left;\">\n<li>Eine abgeschlossene Ausbildung im Bereich Mechatronik \/ Elektronik oder vergleichbare Qualifikation<\/li>\n<li>Sicherer Umgang mit den g\u00e4ngigen PC \u2013 Betriebssystemen und &#8211; netzwerken<\/li>\n<li>Ausgepr\u00e4gte Servicementalit\u00e4t und starke Kundenorientierung<\/li>\n<li>Selbst\u00e4ndige, zuverl\u00e4ssige und methodische Arbeitsweise<\/li>\n<li>Gute Deutsch- und Englischkenntnisse<\/li>\n<li>Teamf\u00e4higkeit, Eigeninitiative, Flexibilit\u00e4t und Dynamik<\/li>\n<li>Reisebereitschaft im Tagespendlerbereich<\/li>\n<li>F\u00fcherscheinklasse B<\/li>\n<\/ul>\n<h2 class=\"uppercase\" style=\"text-align: left;\"><span style=\"color: #333333; font-size: 90%;\"><strong>Das bieten wir dir<\/strong><\/span><\/h2>\n<ul>\n<li style=\"text-align: left;\">Ein freundliches und dynamisches Arbeitsumfeld mit viel Selbstst\u00e4ndigkeit<\/li>\n<li style=\"text-align: left;\">Eine intensive Einarbeitung<\/li>\n<li style=\"text-align: left;\">Flexible Arbeitszeiten<\/li>\n<li style=\"text-align: left;\">Dienstwagen<\/li>\n<\/ul>\n<p style=\"text-align: left;\"><strong><span style=\"color: #282828;\">Deine Ansprechperson f\u00fcr diese Stelle ist:<\/span><\/strong><\/p>\n<p style=\"text-align: left;\">Herr Tim Welp :\u00a0<span style=\"text-decoration: underline; color: #ffffff;\"><span style=\"font-size: 100%;\">tim.welp@microbox.de<\/span><\/span><\/p>\n\t\t\n<style>\n#text-1550110111 {\n  line-height: 2;\n  color: rgb(255, 255, 255);\n}\n#text-1550110111 > * {\n  color: rgb(255, 255, 255);\n}\n<\/style>\n\t<\/div>\n\t\n\n\t\t<\/div>\n\t<\/div>\n\t\n\t<div id=\"accordion-386349262\" class=\"accordion-item\">\n\t\t<a id=\"accordion-386349262-label\" class=\"accordion-title plain\" href=\"#accordion-item-servicetechniker-(w\/m\/d)-in-vollzeit-im-au\u00dfendienst-f\u00fcr-die-region-%20sachsen-\/-th\u00fcringen-\/-sachsen-anhalt-\/-mecklenburg-vorpommern-\/-niedersachsen-\/-berlin-\/-brandenburg\" aria-expanded=\"false\" aria-controls=\"accordion-386349262-content\" >\n\t\t\t<button class=\"toggle\" aria-label=\"Umschalten\"><i class=\"icon-angle-down\"><\/i><\/button>\n\t\t\t<span>Servicetechniker (w\/m\/d) in Vollzeit im Au\u00dfendienst f\u00fcr die Region  Sachsen \/ Th\u00fcringen \/ Sachsen Anhalt \/ Mecklenburg Vorpommern \/ Niedersachsen \/ Berlin \/ Brandenburg<\/span>\n\t\t<\/a>\n\t\t<div id=\"accordion-386349262-content\" class=\"accordion-inner\" aria-labelledby=\"accordion-386349262-label\" >\n\t\t\t\n\n\t<div id=\"text-685620322\" class=\"text\">\n\t\t\n\n<h2 class=\"uppercase\" style=\"text-align: left;\"><span style=\"color: #333333; font-size: 90%;\"><strong>DEINE AUFGABEN<\/strong><\/span><\/h2>\n<ul style=\"text-align: left;\">\n<li>Selbstst\u00e4ndige Wartung, Inbetriebnahmen und Service bei unseren Kunden<\/li>\n<li>Technische Kundenbetreuung im Servicegebiet<\/li>\n<li>Sicherstellung eines hohen Qualit\u00e4tsstandards<\/li>\n<li>Erf\u00fcllung Ihres Teils f\u00fcr eine hohe Kundenzufriedenheit<\/li>\n<\/ul>\n<h2 class=\"uppercase\" style=\"text-align: left;\"><span style=\"color: #333333; font-size: 90%;\"><strong>DAS BRINGST DU MIT<\/strong><\/span><\/h2>\n<ul style=\"text-align: left;\">\n<li>Eine abgeschlossene Ausbildung im Bereich Mechatronik \/ Elektronik oder vergleichbare Qualifikation<\/li>\n<li>Sicherer Umgang mit den g\u00e4ngigen PC \u2013 Betriebssystemen und &#8211; netzwerken<\/li>\n<li>Ausgepr\u00e4gte Servicementalit\u00e4t und starke Kundenorientierung<\/li>\n<li>Selbst\u00e4ndige, zuverl\u00e4ssige und methodische Arbeitsweise<\/li>\n<li>Gute Deutsch- und Englischkenntnisse<\/li>\n<li>Teamf\u00e4higkeit, Eigeninitiative, Flexibilit\u00e4t und Dynamik<\/li>\n<li>Reisebereitschaft im Tagespendlerbereich<\/li>\n<li>F\u00fcherscheinklasse B<\/li>\n<\/ul>\n<h2 class=\"uppercase\" style=\"text-align: left;\"><span style=\"color: #333333; font-size: 90%;\"><strong>Das bieten wir dir<\/strong><\/span><\/h2>\n<ul>\n<li style=\"text-align: left;\">Ein freundliches und dynamisches Arbeitsumfeld mit viel Selbstst\u00e4ndigkeit<\/li>\n<li style=\"text-align: left;\">Eine intensive Einarbeitung<\/li>\n<li style=\"text-align: left;\">Flexible Arbeitszeiten<\/li>\n<li style=\"text-align: left;\">Dienstwagen<\/li>\n<\/ul>\n<p style=\"text-align: left;\"><strong><span style=\"color: #282828;\">Deine Ansprechperson f\u00fcr diese Stelle ist:<\/span><\/strong><\/p>\n<p style=\"text-align: left;\">Herr Tim Welp :\u00a0<span style=\"text-decoration: underline; color: #ffffff;\"><span style=\"font-size: 100%;\">tim.welp@microbox.de<\/span><\/span><\/p>\n\t\t\n<style>\n#text-685620322 {\n  line-height: 2;\n  color: rgb(255, 255, 255);\n}\n#text-685620322 > * {\n  color: rgb(255, 255, 255);\n}\n<\/style>\n\t<\/div>\n\t\n\n\t\t<\/div>\n\t<\/div>\n\t\n\t<div id=\"accordion-2230631752\" class=\"accordion-item\">\n\t\t<a id=\"accordion-2230631752-label\" class=\"accordion-title plain\" href=\"#accordion-item-studentische-hilfskraft---schwerpunkt-japanologie-(w\/m\/d)-in-teilzeit-oder-mini-job\" aria-expanded=\"false\" aria-controls=\"accordion-2230631752-content\" >\n\t\t\t<button class=\"toggle\" aria-label=\"Umschalten\"><i class=\"icon-angle-down\"><\/i><\/button>\n\t\t\t<span>Studentische Hilfskraft - Schwerpunkt Japanologie (w\/m\/d) in Teilzeit oder Mini-Job<\/span>\n\t\t<\/a>\n\t\t<div id=\"accordion-2230631752-content\" class=\"accordion-inner\" aria-labelledby=\"accordion-2230631752-label\" >\n\t\t\t\n\n\t<div id=\"text-278499975\" class=\"text\">\n\t\t\n\n<h2 class=\"uppercase\" style=\"text-align: left;\"><span style=\"color: #282828; font-size: 90%;\"><strong>DEIN PROFIL<\/strong><\/span><\/h2>\n<p style=\"text-align: left;\"><span style=\"color: #ffffff;\">Wir suchen eine engagierte und motivierte studentische Hilfskraft mit einem starken Interesse an der Japanologie, um unser Verkaufsteam im Bereich Digitalisierungsl\u00f6sungen f\u00fcr Bibliotheken, Archive und Museen zu unterst\u00fctzen.<\/span><\/p>\n<p style=\"text-align: left;\">\u00a0<\/p>\n<h2 class=\"uppercase\" style=\"text-align: left;\"><span style=\"color: #282828; font-size: 90%;\"><strong>DEINE AUFGABEN<\/strong><\/span><\/h2>\n<ul style=\"text-align: left;\">\n<li><span style=\"color: #ffffff;\">Unterst\u00fctzung unseres internationalen Vertriebsteams bei Recherchen<\/span><\/li>\n<\/ul>\n<h2 class=\"uppercase\" style=\"text-align: left;\"><span style=\"color: #282828; font-size: 90%;\"><strong>DAS BRINGST DU MIT<\/strong><\/span><\/h2>\n<ul style=\"text-align: left;\">\n<li><span style=\"color: #ffffff;\">Immatrikulierte\/r Student\/in<\/span><\/li>\n<li><span style=\"color: #ffffff;\">Kommunikationsst\u00e4rke und Freude an Kultur<\/span><\/li>\n<li><span style=\"color: #ffffff;\">Gute Englischkenntnisse sowie Japanischkenntnisse<\/span><\/li>\n<li><span style=\"color: #ffffff;\">Kooperative Arbeitsweise, Teamf\u00e4higkeit und Zuverl\u00e4ssigkeit<\/span><\/li>\n<\/ul>\n<p style=\"text-align: left;\">\u00a0<\/p>\n<h2 class=\"uppercase\" style=\"text-align: left;\"><span style=\"color: #282828; font-size: 90%;\"><strong>DAS BIETEN WIR DIR<\/strong><\/span><\/h2>\n<ul>\n<li style=\"text-align: left;\"><span style=\"color: #ffffff;\">Einblicke in den Vertrieb von innovativen Scanl\u00f6sungen im Kulturbereich<\/span><\/li>\n<li style=\"text-align: left;\"><span style=\"color: #ffffff;\">Flexible Arbeitszeiten, die sich an deinem Studium orientieren<\/span><\/li>\n<li style=\"text-align: left;\"><span style=\"color: #ffffff;\">Weiterentwicklung deiner professionellen Hard- und Soft Skills<\/span><\/li>\n<li style=\"text-align: left;\"><span style=\"color: #ffffff;\">Ein dynamisches und freundliches Team, das Zusammenarbeit und Ideenaustausch sch\u00e4tzt<\/span><\/li>\n<\/ul>\n\t\t\n<style>\n#text-278499975 {\n  color: rgb(255, 255, 255);\n}\n#text-278499975 > * {\n  color: rgb(255, 255, 255);\n}\n<\/style>\n\t<\/div>\n\t\n\n\t\t<\/div>\n\t<\/div>\n\t\n\n<\/div>\n\n\t\t<\/div>\n\t\t\t\t\n<style>\n#col-9734857 > .col-inner {\n  margin: 0px 0px 0px 0px;\n  border-radius: 37px;\n}\n<\/style>\n\t<\/div>\n\n\t\n\n\n<style>\n#row-940680015 > .col > .col-inner {\n  padding: 20px 0px 20px 0px;\n}\n@media (min-width:550px) {\n  #row-940680015 > .col > .col-inner {\n    padding: 0px 0px 0px 0px;\n  }\n}\n@media (min-width:850px) {\n  #row-940680015 > .col > .col-inner {\n    padding: 0px 0px 0px 0px;\n  }\n}\n<\/style>\n<\/div>\n\n\t\t<\/div>\n\t\t\t\t\t<\/div>\n\n\t\n\n<\/div>\n<div class=\"row align-center\" style=\"max-width:1300px\" id=\"row-579720130\">\n\n\n\t<div id=\"col-1958336116\" class=\"col medium-9 small-12 large-9\"  >\n\t\t\t\t<div class=\"col-inner\"  >\n\t\t\t\n\t\t\t\n\n<div class=\"text-center\"><div class=\"is-divider divider clearfix\" style=\"margin-top:0px;margin-bottom:0px;max-width:500px;height:1px;background-color:rgb(79, 79, 79);\"><\/div><\/div>\n\n\t<div id=\"text-424892317\" class=\"text\">\n\t\t\n\n<h2 class=\"uppercase\"><span style=\"color: #282828;\">kontakt<\/span><\/h2>\n\t\t\n<style>\n#text-424892317 {\n  font-size: 1.75rem;\n  line-height: 2;\n  text-align: center;\n}\n<\/style>\n\t<\/div>\n\t\n\t<div id=\"text-2913262470\" class=\"text\">\n\t\t\n\n<p style=\"text-align: left;\"><span style=\"color: #333333;\">Haben wir dein Interesse geweckt? Dann freuen wir uns auf deine Bewerbung! Bitte schicke deine Bewerbungsunterlagen via E-Mail. Wenn du vorab Fragen hast, kannst du uns jederzeit kontaktieren.<\/span><\/p>\n<h5 style=\"text-align: left;\"><span style=\"text-decoration: underline;\"><a href=\"mailto:thao.greiner@microbox.de\"><span style=\"color: #ed1c24; font-size: 100%; text-decoration: underline;\">mail@book2net.net<\/span><\/a><\/span><\/h5>\n<p style=\"text-align: center;\">\u00a0<\/p>\n\t\t\n<style>\n#text-2913262470 {\n  text-align: left;\n}\n<\/style>\n\t<\/div>\n\t\n\n\t\t<\/div>\n\t\t\t\t\n<style>\n#col-1958336116 > .col-inner {\n  margin: 40px 0px 0px 0px;\n}\n@media (min-width:850px) {\n  #col-1958336116 > .col-inner {\n    margin: 70px 0px 0px 0px;\n  }\n}\n<\/style>\n\t<\/div>\n\n\t\n\n\n<style>\n#row-579720130 > .col > .col-inner {\n  padding: 30px 0px 0px 0px;\n}\n@media (min-width:850px) {\n  #row-579720130 > .col > .col-inner {\n    padding: 50px 0px 0px 0px;\n  }\n}\n<\/style>\n<\/div>\n\n\t\t<\/div>\n\n\t\t\n<style>\n#section_802866948 {\n  padding-top: 30px;\n  padding-bottom: 30px;\n  background-color: rgba(255, 255, 255, 0.087);\n}\n<\/style>\n\t<\/section>\n\t\n\n","protected":false},"excerpt":{"rendered":"","protected":false},"author":5,"featured_media":0,"parent":0,"menu_order":0,"comment_status":"closed","ping_status":"closed","template":"","meta":{"footnotes":""},"class_list":["post-35659","page","type-page","status-publish","hentry"],"_links":{"self":[{"href":"https:\/\/book2net.net\/de\/wp-json\/wp\/v2\/pages\/35659","targetHints":{"allow":["GET"]}}],"collection":[{"href":"https:\/\/book2net.net\/de\/wp-json\/wp\/v2\/pages"}],"about":[{"href":"https:\/\/book2net.net\/de\/wp-json\/wp\/v2\/types\/page"}],"author":[{"embeddable":true,"href":"https:\/\/book2net.net\/de\/wp-json\/wp\/v2\/users\/5"}],"replies":[{"embeddable":true,"href":"https:\/\/book2net.net\/de\/wp-json\/wp\/v2\/comments?post=35659"}],"version-history":[{"count":43,"href":"https:\/\/book2net.net\/de\/wp-json\/wp\/v2\/pages\/35659\/revisions"}],"predecessor-version":[{"id":73377,"href":"https:\/\/book2net.net\/de\/wp-json\/wp\/v2\/pages\/35659\/revisions\/73377"}],"wp:attachment":[{"href":"https:\/\/book2net.net\/de\/wp-json\/wp\/v2\/media?parent=35659"}],"curies":[{"name":"wp","href":"https:\/\/api.w.org\/{rel}","templated":true}]}}