{"id":35947,"date":"2023-08-24T09:18:49","date_gmt":"2023-08-24T07:18:49","guid":{"rendered":"https:\/\/book2net.net\/?page_id=35947"},"modified":"2024-04-05T14:12:18","modified_gmt":"2024-04-05T12:12:18","slug":"m150-kamera","status":"publish","type":"page","link":"https:\/\/book2net.net\/de\/m150-kamera\/","title":{"rendered":"M150 Kamera"},"content":{"rendered":"\n\n\t<section class=\"section dark\" id=\"section_9491653\">\n\t\t<div class=\"section-bg fill\" >\n\t\t\t<img loading=\"lazy\" decoding=\"async\" width=\"2560\" height=\"1716\" src=\"https:\/\/book2net.net\/wp-content\/uploads\/2024\/04\/M150-1-scaled.jpg\" class=\"bg attachment-original size-original\" alt=\"M150 Kamera\" \/>\t\t\t\t\t\t\n\t\t\t\n\n\t\t<\/div>\n\n\t\t\n\n\t\t<div class=\"section-content relative\">\n\t\t\t\n\n\n\t\t<\/div>\n\n\t\t\n<style>\n#section_9491653 {\n  padding-top: 1px;\n  padding-bottom: 1px;\n  min-height: 800px;\n}\n#section_9491653 .section-bg img {\n  object-position: 37% 73%;\n}\n@media (min-width:550px) {\n  #section_9491653 {\n    padding-top: 5px;\n    padding-bottom: 5px;\n  }\n}\n@media (min-width:850px) {\n  #section_9491653 {\n    padding-top: 30px;\n    padding-bottom: 30px;\n  }\n}\n<\/style>\n\t<\/section>\n\t\n\n\t<section class=\"section dark\" id=\"section_1342559622\">\n\t\t<div class=\"section-bg fill\" >\n\t\t\t\t\t\t\t\t\t\n\t\t\t\n\n\t\t<\/div>\n\n\t\t\n\n\t\t<div class=\"section-content relative\">\n\t\t\t\n\n\t<div id=\"text-4262692317\" class=\"text\">\n\t\t\n\n<h2 class=\"uppercase\"><span style=\"color: #808080;\"><b>BRILLANTE BILDQUALIT\u00c4T TRIFFT PRODUKTIVIT\u00c4T<\/b><\/span><\/h2>\n\t\t\n<style>\n#text-4262692317 {\n  font-size: 1.3rem;\n  line-height: 1.8;\n  text-align: center;\n}\n@media (min-width:550px) {\n  #text-4262692317 {\n    font-size: 1.5rem;\n    line-height: 0.75;\n  }\n}\n<\/style>\n\t<\/div>\n\t\n\n\t\t<\/div>\n\n\t\t\n<style>\n#section_1342559622 {\n  padding-top: 40px;\n  padding-bottom: 40px;\n  background-color: rgba(24, 25, 27, 0);\n}\n@media (min-width:550px) {\n  #section_1342559622 {\n    padding-top: 30px;\n    padding-bottom: 30px;\n  }\n}\n@media (min-width:850px) {\n  #section_1342559622 {\n    padding-top: 70px;\n    padding-bottom: 70px;\n  }\n}\n<\/style>\n\t<\/section>\n\t\n\n\t<section class=\"section dark\" id=\"section_1709893573\">\n\t\t<div class=\"section-bg fill\" >\n\t\t\t<img loading=\"lazy\" decoding=\"async\" width=\"1588\" height=\"1575\" src=\"https:\/\/book2net.net\/wp-content\/uploads\/2023\/08\/final-3.jpg\" class=\"bg attachment-2048x2048 size-2048x2048\" alt=\"\" \/>\t\t\t\t\t\t<div class=\"section-bg-overlay absolute fill\"><\/div>\n\t\t\t\n\n\t\t<\/div>\n\n\t\t\n\n\t\t<div class=\"section-content relative\">\n\t\t\t\n\n<div class=\"row row-full-width\"  id=\"row-1567556924\">\n\n\n\t<div id=\"col-1511753822\" class=\"col medium-12 small-12 large-5\"  >\n\t\t\t\t<div class=\"col-inner text-left\"  >\n\t\t\t\n\t\t\t\n\n<div class=\"row\"  id=\"row-635515242\">\n\n\n\t<div id=\"col-1177534399\" class=\"col medium-6 small-12 large-10\"  >\n\t\t\t\t<div class=\"col-inner text-left\"  >\n\t\t\t\n\t\t\t\n\n<div class=\"text-center\"><div class=\"is-divider divider clearfix\" style=\"margin-top:20px;margin-bottom:20px;max-width:100px;height:4px;background-color:rgb(213, 28, 32);\"><\/div><\/div>\n\n\t<div id=\"gap-695209715\" class=\"gap-element clearfix\" style=\"display:block; height:auto;\">\n\t\t\n<style>\n#gap-695209715 {\n  padding-top: 0px;\n}\n@media (min-width:550px) {\n  #gap-695209715 {\n    padding-top: 5px;\n  }\n}\n<\/style>\n\t<\/div>\n\t\n\n\t<div id=\"text-4167446757\" class=\"text show-for-small\">\n\t\t\n\n<p><span style=\"color: #333333;\">Mit der neuen M150 steht Ihnen jetzt erstmals f\u00fcr Ihre Digitalisierung eine budgetfreundliche 150 Megapixel Kamera zur Verf\u00fcgung, die einzigartige Bildqualit\u00e4t mit hoher Produktivit\u00e4t vereint.<\/span><\/p>\n<p><span style=\"color: #333333;\">Durch die Verwendung eines Bildsensors der neuesten Generation mit Global Shutter bietet die M150 eine attraktive Kombination aus hoher Bildrate und beeindruckendem Dynamikbereich.<\/span><\/p>\n\t\t\n<style>\n#text-4167446757 {\n  text-align: left;\n}\n<\/style>\n\t<\/div>\n\t\n\t<div id=\"text-3793819372\" class=\"text hide-for-small\">\n\t\t\n\n<p><span style=\"color: #ffffff;\">Mit der neuen M150 steht Ihnen jetzt erstmals f\u00fcr Ihre Digitalisierung eine budgetfreundliche 150 Megapixel Kamera zur Verf\u00fcgung, die einzigartige Bildqualit\u00e4t mit hoher Produktivit\u00e4t vereint.<\/span><\/p>\n<p><span style=\"color: #ffffff;\">Durch die Verwendung eines Bildsensors der neuesten Generation mit Global Shutter bietet die M150 eine attraktive Kombination aus hoher Bildrate und beeindruckendem Dynamikbereich.<\/span><\/p>\n\t\t\n<style>\n#text-3793819372 {\n  text-align: left;\n}\n<\/style>\n\t<\/div>\n\t\n\t<div id=\"gap-2077903625\" class=\"gap-element clearfix\" style=\"display:block; height:auto;\">\n\t\t\n<style>\n#gap-2077903625 {\n  padding-top: 0px;\n}\n@media (min-width:550px) {\n  #gap-2077903625 {\n    padding-top: 10px;\n  }\n}\n<\/style>\n\t<\/div>\n\t\n\n\t<div id=\"gap-1341961145\" class=\"gap-element clearfix\" style=\"display:block; height:auto;\">\n\t\t\n<style>\n#gap-1341961145 {\n  padding-top: 0px;\n}\n@media (min-width:550px) {\n  #gap-1341961145 {\n    padding-top: 10px;\n  }\n}\n<\/style>\n\t<\/div>\n\t\n\n\t<div id=\"gap-973447906\" class=\"gap-element clearfix\" style=\"display:block; height:auto;\">\n\t\t\n<style>\n#gap-973447906 {\n  padding-top: 10px;\n}\n<\/style>\n\t<\/div>\n\t\n\n\n\t\t<\/div>\n\t\t\t\t\n<style>\n#col-1177534399 > .col-inner {\n  margin: 0px 0px 50px 0px;\n}\n@media (min-width:550px) {\n  #col-1177534399 > .col-inner {\n    margin: 0px 100px 0px 0px;\n  }\n}\n@media (min-width:850px) {\n  #col-1177534399 > .col-inner {\n    margin: 0px 0px 0px 0px;\n  }\n}\n<\/style>\n\t<\/div>\n\n\t\n\n\n<style>\n#row-635515242 > .col > .col-inner {\n  padding: 0px 0px 120px 20px;\n}\n@media (min-width:550px) {\n  #row-635515242 > .col > .col-inner {\n    padding: 0px 40px 250px 0px;\n  }\n}\n@media (min-width:850px) {\n  #row-635515242 > .col > .col-inner {\n    padding: 100px 0px 0px 150px;\n  }\n}\n<\/style>\n<\/div>\n\n\t\t<\/div>\n\t\t\t\t\n<style>\n#col-1511753822 > .col-inner {\n  margin: 0px 0px 0px 0px;\n}\n@media (min-width:550px) {\n  #col-1511753822 > .col-inner {\n    margin: 35px 0px 0px 30px;\n  }\n}\n@media (min-width:850px) {\n  #col-1511753822 > .col-inner {\n    margin: 0px 0px 0px 0px;\n  }\n}\n<\/style>\n\t<\/div>\n\n\t\n\n\n<style>\n#row-1567556924 > .col > .col-inner {\n  padding: 0px 0px 0px 0px;\n}\n@media (min-width:550px) {\n  #row-1567556924 > .col > .col-inner {\n    padding: 0px 0px 0px 0px;\n  }\n}\n<\/style>\n<\/div>\n\n\t\t<\/div>\n\n\t\t\n<style>\n#section_1709893573 {\n  padding-top: 10px;\n  padding-bottom: 10px;\n  min-height: 0px;\n  background-color: rgba(36, 38, 42, 0);\n}\n#section_1709893573 .section-bg-overlay {\n  background-color: rgba(255, 255, 255, 0.052);\n}\n#section_1709893573 .section-bg img {\n  object-position: 58% 97%;\n}\n@media (min-width:550px) {\n  #section_1709893573 {\n    min-height: 10px;\n  }\n}\n@media (min-width:850px) {\n  #section_1709893573 {\n    padding-top: 200px;\n    padding-bottom: 200px;\n    min-height: 50px;\n  }\n}\n<\/style>\n\t<\/section>\n\t\n\n\t<section class=\"section dark\" id=\"section_94593393\">\n\t\t<div class=\"section-bg fill\" >\n\t\t\t\t\t\t\t\t\t\n\t\t\t\n\n\t\t<\/div>\n\n\t\t\n\n\t\t<div class=\"section-content relative\">\n\t\t\t\n\n<div class=\"row\"  id=\"row-679567629\">\n\n\n\t<div id=\"col-479593748\" class=\"col medium-12 small-12 large-12\"  >\n\t\t\t\t<div class=\"col-inner text-center\"  >\n\t\t\t\n\t\t\t\n\n<div class=\"text-center\"><div class=\"is-divider divider clearfix\" style=\"max-width:100px;height:4px;background-color:rgb(255, 255, 255);\"><\/div><\/div>\n\n\t<div id=\"text-3275898004\" class=\"text\">\n\t\t\n\n<h2 class=\"uppercase\"><strong><span style=\"color: #808080;\">MODULAR &#8211; VIELSEITIG &#8211; FLEXIBEL<\/span><\/strong><\/h2>\n\t\t\n<style>\n#text-3275898004 {\n  font-size: 1.3rem;\n  text-align: center;\n}\n@media (min-width:550px) {\n  #text-3275898004 {\n    font-size: 1.5rem;\n  }\n}\n<\/style>\n\t<\/div>\n\t\n\n\t\t<\/div>\n\t\t\t\t\n<style>\n#col-479593748 > .col-inner {\n  margin: 0px 0px 0px 0px;\n}\n<\/style>\n\t<\/div>\n\n\t\n\n<\/div>\n\n\t\t<\/div>\n\n\t\t\n<style>\n#section_94593393 {\n  padding-top: 1px;\n  padding-bottom: 1px;\n  background-color: rgba(213, 28, 32, 0);\n}\n@media (min-width:550px) {\n  #section_94593393 {\n    padding-top: 10px;\n    padding-bottom: 10px;\n  }\n}\n@media (min-width:850px) {\n  #section_94593393 {\n    padding-top: 20px;\n    padding-bottom: 20px;\n  }\n}\n<\/style>\n\t<\/section>\n\t\n\n\t<section class=\"section dark\" id=\"section_610071842\">\n\t\t<div class=\"section-bg fill\" >\n\t\t\t\t\t\t\t\t\t\n\t\t\t\n\n\t\t<\/div>\n\n\t\t\n\n\t\t<div class=\"section-content relative\">\n\t\t\t\n\n<div class=\"row row-full-width align-middle\"  id=\"row-748128065\">\n\n\n\t<div id=\"col-536616666\" class=\"col medium-12 small-12 large-5\"  >\n\t\t\t\t<div class=\"col-inner text-left\"  >\n\t\t\t\n\t\t\t\n\n<div class=\"row\" style=\"max-width:\" id=\"row-1749641735\">\n\n\n\t<div id=\"col-548873034\" class=\"col medium-10 small-12 large-10\"  >\n\t\t\t\t<div class=\"col-inner\"  >\n\t\t\t\n\t\t\t\n\n<div class=\"text-center\"><div class=\"is-divider divider clearfix\" style=\"margin-top:30px;margin-bottom:30px;max-width:100px;height:4px;background-color:rgb(213, 28, 32);\"><\/div><\/div>\n\n\t<div id=\"gap-1167961070\" class=\"gap-element clearfix\" style=\"display:block; height:auto;\">\n\t\t\n<style>\n#gap-1167961070 {\n  padding-top: 0px;\n}\n@media (min-width:550px) {\n  #gap-1167961070 {\n    padding-top: 5px;\n  }\n}\n<\/style>\n\t<\/div>\n\t\n\n\t<div id=\"text-2903839169\" class=\"text\">\n\t\t\n\n<p><span style=\"color: #808080;\">Das modulare Konzept der M150 erm\u00f6glicht nicht nur die Realisierung individueller, ma\u00dfgeschneiderter L\u00f6sungen durch die Kombination mit den book2net Reprol\u00f6sungen oder mit unseren Scannern als Hybrides Scansystem. Sie l\u00e4sst sich auch mit vorhandenen Reprotischen, S\u00e4ulen, Beleuchtungseinheiten und sogar Softwarel\u00f6sungen anderer Hersteller verwenden.<\/span><\/p>\n\t\t\n<style>\n#text-2903839169 {\n  text-align: left;\n}\n<\/style>\n\t<\/div>\n\t\n\t<div id=\"gap-335012537\" class=\"gap-element clearfix\" style=\"display:block; height:auto;\">\n\t\t\n<style>\n#gap-335012537 {\n  padding-top: 0px;\n}\n@media (min-width:550px) {\n  #gap-335012537 {\n    padding-top: 10px;\n  }\n}\n<\/style>\n\t<\/div>\n\t\n\n\t<div id=\"gap-1582688054\" class=\"gap-element clearfix\" style=\"display:block; height:auto;\">\n\t\t\n<style>\n#gap-1582688054 {\n  padding-top: 0px;\n}\n@media (min-width:550px) {\n  #gap-1582688054 {\n    padding-top: 10px;\n  }\n}\n<\/style>\n\t<\/div>\n\t\n\n\t<div id=\"gap-316837286\" class=\"gap-element clearfix\" style=\"display:block; height:auto;\">\n\t\t\n<style>\n#gap-316837286 {\n  padding-top: 10px;\n}\n<\/style>\n\t<\/div>\n\t\n\n\n\t\t<\/div>\n\t\t\t\t\n<style>\n#col-548873034 > .col-inner {\n  margin: 0px 0px 0px 0px;\n}\n@media (min-width:550px) {\n  #col-548873034 > .col-inner {\n    margin: 0px 100px 0px 0px;\n  }\n}\n@media (min-width:850px) {\n  #col-548873034 > .col-inner {\n    margin: 0px 0px 0px 0px;\n  }\n}\n<\/style>\n\t<\/div>\n\n\t\n\n\n<style>\n#row-1749641735 > .col > .col-inner {\n  padding: 0px 0px 0px 20px;\n}\n@media (min-width:550px) {\n  #row-1749641735 > .col > .col-inner {\n    padding: 0px 40px 0px 0px;\n  }\n}\n@media (min-width:850px) {\n  #row-1749641735 > .col > .col-inner {\n    padding: 100px 0px 0px 150px;\n  }\n}\n<\/style>\n<\/div>\n\n\t\t<\/div>\n\t\t\t\t\n<style>\n#col-536616666 > .col-inner {\n  margin: 0px 0px 0px 0px;\n}\n@media (min-width:550px) {\n  #col-536616666 > .col-inner {\n    margin: 0px 0px 0px 30px;\n  }\n}\n@media (min-width:850px) {\n  #col-536616666 > .col-inner {\n    margin: 0px 0px 0px 0px;\n  }\n}\n<\/style>\n\t<\/div>\n\n\t\n\n\t<div id=\"col-1315712988\" class=\"col medium-12 small-12 large-7 medium-col-first\"  data-animate=\"fadeInRight\">\n\t\t\t\t<div class=\"col-inner text-left\"  >\n\t\t\t\n\t\t\t\n\n\n  <div class=\"banner has-hover\" id=\"banner-718829602\">\n          <div class=\"banner-inner fill\">\n        <div class=\"banner-bg fill\" >\n            <img loading=\"lazy\" decoding=\"async\" width=\"800\" height=\"600\" src=\"https:\/\/book2net.net\/wp-content\/uploads\/2023\/08\/M150.png\" class=\"bg attachment-2048x2048 size-2048x2048\" alt=\"\" \/>                        <div class=\"overlay\"><\/div>            \n                    <\/div>\n\t\t\n        <div class=\"banner-layers container\">\n            <div class=\"fill banner-link\"><\/div>            \n\n\n        <\/div>\n      <\/div>\n\n            \n<style>\n#banner-718829602 {\n  padding-top: 350px;\n  background-color: rgba(73, 124, 227, 0);\n}\n#banner-718829602 .overlay {\n  background-color: rgba(255, 255, 255, 0.105);\n}\n#banner-718829602 .banner-bg img {\n  object-position: 50% 52%;\n}\n@media (min-width:550px) {\n  #banner-718829602 {\n    padding-top: 80%;\n  }\n}\n@media (min-width:850px) {\n  #banner-718829602 {\n    padding-top: 86.82%;\n  }\n}\n<\/style>\n  <\/div>\n\n\n\n\t\t<\/div>\n\t\t\t\t\t<\/div>\n\n\t\n\n\n<style>\n#row-748128065 > .col > .col-inner {\n  padding: 0px 0px 0px 0px;\n}\n@media (min-width:550px) {\n  #row-748128065 > .col > .col-inner {\n    padding: 0px 0px 0px 0px;\n  }\n}\n<\/style>\n<\/div>\n\n\t\t<\/div>\n\n\t\t\n<style>\n#section_610071842 {\n  padding-top: 5px;\n  padding-bottom: 5px;\n  min-height: 0px;\n  background-color: rgba(36, 38, 42, 0);\n}\n<\/style>\n\t<\/section>\n\t\n\n\t<section class=\"section dark\" id=\"section_1931271325\">\n\t\t<div class=\"section-bg fill\" >\n\t\t\t\t\t\t\t\t\t\n\t\t\t\n\n\t\t<\/div>\n\n\t\t\n\n\t\t<div class=\"section-content relative\">\n\t\t\t\n\n<div class=\"row row-collapse row-full-width align-middle\"  id=\"row-327704902\">\n\n\n\t<div id=\"col-467921652\" class=\"col medium-12 small-12 large-6 medium-col-first\"  >\n\t\t\t\t<div class=\"col-inner\"  >\n\t\t\t\n\t\t\t\n\n\n  <div class=\"banner has-hover\" id=\"banner-395873713\">\n          <div class=\"banner-inner fill\">\n        <div class=\"banner-bg fill\" >\n                                                \n                    <\/div>\n\t\t\n        <div class=\"banner-layers container\">\n            <div class=\"fill banner-link\"><\/div>            \n\n\n        <\/div>\n      <\/div>\n\n            \n<style>\n#banner-395873713 {\n  padding-top: 280px;\n  background-color: rgb(36, 38, 42);\n}\n#banner-395873713 .banner-bg img {\n  object-position: 51% 62%;\n}\n@media (min-width:550px) {\n  #banner-395873713 {\n    padding-top: 640px;\n  }\n}\n@media (min-width:850px) {\n  #banner-395873713 {\n    padding-top: 99.99%;\n  }\n}\n<\/style>\n  <\/div>\n\n\n\n\t\t<\/div>\n\t\t\t\t\t<\/div>\n\n\t\n\n\t<div id=\"col-873303415\" class=\"col medium-12 small-12 large-6\"  >\n\t\t\t\t<div class=\"col-inner text-left\"  >\n\t\t\t\n\t\t\t\n\n<div class=\"row align-center\"  id=\"row-110098972\">\n\n\n\t<div id=\"col-720449257\" class=\"col medium-10 small-10 large-7\"  >\n\t\t\t\t<div class=\"col-inner\"  >\n\t\t\t\n\t\t\t\n\n\t<div id=\"text-115567580\" class=\"text\">\n\t\t\n\n<h2 class=\"uppercase\"><strong><span style=\"color: #808080;\">Startklar mit dem m150 komplettpaket<\/span><\/strong><\/h2>\n\t\t\n<style>\n#text-115567580 {\n  font-size: 1.3rem;\n  text-align: left;\n}\n@media (min-width:550px) {\n  #text-115567580 {\n    font-size: 1.5rem;\n  }\n}\n<\/style>\n\t<\/div>\n\t\n<div class=\"is-divider divider clearfix\" style=\"margin-top:35px;margin-bottom:35px;max-width:100px;height:4px;background-color:rgb(213, 28, 32);\"><\/div>\n\n\t<div id=\"text-2113728511\" class=\"text\">\n\t\t\n\n<p><span style=\"color: #ffffff;\">Mit der M150 Kamera m\u00fcssen Sie sich keine Gedanken \u00fcber zus\u00e4tzliche Investitionen in teure Objektive oder Software machen. Alles, was Sie ben\u00f6tigen, ist bereits dabei:<\/span><br \/><span style=\"color: #ffffff;\">Die M150 Kamera, ein hochwertiges Schneider-Kreuznach-Objektiv und die leistungsf\u00e4hige Archivsoftware sind inklusive. <\/span><\/p>\n<p><span style=\"color: #ffffff;\">Starten Sie sofort durch &#8211; pr\u00e4zise, leistungsstark und flexibel.<\/span><\/p>\n<p>\u00a0<\/p>\n\t\t\n<style>\n#text-2113728511 {\n  font-size: 1rem;\n  text-align: left;\n  color: rgb(79, 79, 79);\n}\n#text-2113728511 > * {\n  color: rgb(79, 79, 79);\n}\n<\/style>\n\t<\/div>\n\t\n<a href=\"https:\/\/book2net.net\/wp-content\/uploads\/2023\/08\/book2net-M150-Broschure_DE-2.pdf\" class=\"button white\"  style=\"border-radius:3px;padding:5px 30px 5px 30px;\">\n\t\t<span>BROSCH\u00dcRE<\/span>\n\t<\/a>\n\n\n\n\t\t<\/div>\n\t\t\t\t\t<\/div>\n\n\t\n\n\n<style>\n#row-110098972 > .col > .col-inner {\n  padding: 20px 0px 0px 0px;\n}\n@media (min-width:550px) {\n  #row-110098972 > .col > .col-inner {\n    padding: 35px 0px 0px 0px;\n  }\n}\n@media (min-width:850px) {\n  #row-110098972 > .col > .col-inner {\n    padding: 60px 0px 40px 0px;\n  }\n}\n<\/style>\n<\/div>\n\n\t\t<\/div>\n\t\t\t\t\t<\/div>\n\n\t\n\n<\/div>\n\n\t\t<\/div>\n\n\t\t\n<style>\n#section_1931271325 {\n  padding-top: 5px;\n  padding-bottom: 5px;\n  background-color: rgb(36, 38, 42);\n}\n<\/style>\n\t<\/section>\n\t\n<div class=\"text-center\"><div class=\"is-divider divider clearfix\" style=\"max-width:100px;height:4px;background-color:rgb(255, 255, 255);\"><\/div><\/div>\n\n\n\t<section class=\"section dark\" id=\"section_1606652221\">\n\t\t<div class=\"section-bg fill\" >\n\t\t\t\t\t\t\t\t\t\n\t\t\t\n\n\t\t<\/div>\n\n\t\t\n\n\t\t<div class=\"section-content relative\">\n\t\t\t\n\n<div class=\"row\"  id=\"row-236471194\">\n\n\n\t<div id=\"col-1066878811\" class=\"col small-12 large-12\"  >\n\t\t\t\t<div class=\"col-inner text-center\"  >\n\t\t\t\n\t\t\t\n\n\n<div class=\"wpcf7 no-js\" id=\"wpcf7-f1212-o1\" lang=\"de-DE\" dir=\"ltr\" data-wpcf7-id=\"1212\">\n<div class=\"screen-reader-response\"><p role=\"status\" aria-live=\"polite\" aria-atomic=\"true\"><\/p> <ul><\/ul><\/div>\n<form action=\"\/de\/wp-json\/wp\/v2\/pages\/35947#wpcf7-f1212-o1\" method=\"post\" class=\"wpcf7-form init\" aria-label=\"Kontaktformular\" novalidate=\"novalidate\" data-status=\"init\">\n<fieldset class=\"hidden-fields-container\"><input type=\"hidden\" name=\"_wpcf7\" value=\"1212\" \/><input type=\"hidden\" name=\"_wpcf7_version\" value=\"6.1.5\" \/><input type=\"hidden\" name=\"_wpcf7_locale\" value=\"de_DE\" \/><input type=\"hidden\" name=\"_wpcf7_unit_tag\" value=\"wpcf7-f1212-o1\" \/><input type=\"hidden\" name=\"_wpcf7_container_post\" value=\"0\" \/><input type=\"hidden\" name=\"_wpcf7_posted_data_hash\" value=\"\" \/><input type=\"hidden\" name=\"_wpcf7dtx_version\" value=\"5.0.5\" \/>\n<\/fieldset>\n<div class=\"wpcf7-turnstile cf-turnstile\" data-sitekey=\"0x4AAAAAABnPGODYy7qkOvOa\" data-response-field-name=\"_wpcf7_turnstile_response\"><\/div>\n\n<br><br><br>\n<a id=\"contactform\"><\/a><h3>Um ein unverbindliches Angebot zu erhalten, kontaktieren Sie uns \u00fcber das unten stehende Formular. Weitere Informationen finden Sie in unserem <a href=\"https:\/\/book2net.net\/de\/faq\/\" target=\"_blank\">FAQ<\/a>.<\/h3>\n\n<label> Name*\n    <span class=\"wpcf7-form-control-wrap\" data-name=\"your-name\"><input size=\"40\" maxlength=\"400\" class=\"wpcf7-form-control wpcf7-text wpcf7-validates-as-required\" aria-required=\"true\" aria-invalid=\"false\" value=\"\" type=\"text\" name=\"your-name\" \/><\/span> <\/label>\n\n<label> E-mail*\n    <span class=\"wpcf7-form-control-wrap\" data-name=\"your-email\"><input size=\"40\" maxlength=\"400\" class=\"wpcf7-form-control wpcf7-email wpcf7-validates-as-required wpcf7-text wpcf7-validates-as-email\" aria-required=\"true\" aria-invalid=\"false\" value=\"\" type=\"email\" name=\"your-email\" \/><\/span> <\/label>\n\n<label> Telefonnummer*\n    <span class=\"wpcf7-form-control-wrap\" data-name=\"telefon\"><input size=\"40\" maxlength=\"400\" class=\"wpcf7-form-control wpcf7-text wpcf7-validates-as-required\" aria-required=\"true\" aria-invalid=\"false\" value=\"\" type=\"text\" name=\"telefon\" \/><\/span> <\/label>\n\n<label> Firma\/Institution*\n    <span class=\"wpcf7-form-control-wrap\" data-name=\"firma\"><input size=\"40\" maxlength=\"400\" class=\"wpcf7-form-control wpcf7-text wpcf7-validates-as-required\" aria-required=\"true\" aria-invalid=\"false\" value=\"\" type=\"text\" name=\"firma\" \/><\/span> <\/label>\n\n<label> Land*\n    <span class=\"wpcf7-form-control-wrap\" data-name=\"land\"><input size=\"40\" maxlength=\"400\" class=\"wpcf7-form-control wpcf7-text wpcf7-validates-as-required\" aria-required=\"true\" aria-invalid=\"false\" value=\"\" type=\"text\" name=\"land\" \/><\/span> <\/label>\n\n<label> Postleitzahl*\n<span class=\"wpcf7-form-control-wrap\" data-name=\"plz\"><input size=\"40\" maxlength=\"400\" class=\"wpcf7-form-control wpcf7-text wpcf7-validates-as-required\" aria-required=\"true\" aria-invalid=\"false\" value=\"\" type=\"text\" name=\"plz\" \/><\/span> <\/label>\n\n<span class=\"wpcf7-form-control-wrap product-name\" data-name=\"product-name\"><input type=\"hidden\" name=\"product-name\" class=\"wpcf7-form-control wpcf7-hidden wpcf7dtx wpcf7dtx-hidden\" aria-invalid=\"false\" value=\"M150 Kamera\"><\/span>\n\n<label> Ihre Nachricht*\n    <span class=\"wpcf7-form-control-wrap\" data-name=\"your-message\"><textarea cols=\"40\" rows=\"10\" maxlength=\"2000\" class=\"wpcf7-form-control wpcf7-textarea wpcf7-validates-as-required\" aria-required=\"true\" aria-invalid=\"false\" name=\"your-message\"><\/textarea><\/span> <\/label>\n\n*Pflichtfeld. Bitte lesen Sie unsere <a href=\"https:\/\/book2net.net\/de\/datenschutz\" target=\"_blank\">Datenschutzerkl\u00e4rung.<\/a>\n\n<span class=\"wpcf7-form-control-wrap\" data-name=\"datenschutz\"><span class=\"wpcf7-form-control wpcf7-checkbox wpcf7-validates-as-required\"><span class=\"wpcf7-list-item first last\"><label><input type=\"checkbox\" name=\"datenschutz[]\" value=\"Ich stimme Datenschutzbedingungen zu\" \/><span class=\"wpcf7-list-item-label\">Ich stimme Datenschutzbedingungen zu<\/span><\/label><\/span><\/span><\/span>\n\n<input class=\"wpcf7-form-control wpcf7-submit has-spinner\" type=\"submit\" value=\"Senden\" \/><div class=\"wpcf7-response-output\" aria-hidden=\"true\"><\/div>\n<\/form>\n<\/div>\n\n\n\n\t\t<\/div>\n\t\t\t\t\t<\/div>\n\n\t\n\n<\/div>\n\n\t\t<\/div>\n\n\t\t\n<style>\n#section_1606652221 {\n  padding-top: 10px;\n  padding-bottom: 10px;\n  background-color: rgb(36, 38, 42);\n}\n@media (min-width:850px) {\n  #section_1606652221 {\n    padding-top: 70px;\n    padding-bottom: 70px;\n  }\n}\n<\/style>\n\t<\/section>\n\t\n\n","protected":false},"excerpt":{"rendered":"","protected":false},"author":5,"featured_media":0,"parent":0,"menu_order":0,"comment_status":"closed","ping_status":"closed","template":"","meta":{"footnotes":""},"class_list":["post-35947","page","type-page","status-publish","hentry"],"_links":{"self":[{"href":"https:\/\/book2net.net\/de\/wp-json\/wp\/v2\/pages\/35947","targetHints":{"allow":["GET"]}}],"collection":[{"href":"https:\/\/book2net.net\/de\/wp-json\/wp\/v2\/pages"}],"about":[{"href":"https:\/\/book2net.net\/de\/wp-json\/wp\/v2\/types\/page"}],"author":[{"embeddable":true,"href":"https:\/\/book2net.net\/de\/wp-json\/wp\/v2\/users\/5"}],"replies":[{"embeddable":true,"href":"https:\/\/book2net.net\/de\/wp-json\/wp\/v2\/comments?post=35947"}],"version-history":[{"count":34,"href":"https:\/\/book2net.net\/de\/wp-json\/wp\/v2\/pages\/35947\/revisions"}],"predecessor-version":[{"id":39806,"href":"https:\/\/book2net.net\/de\/wp-json\/wp\/v2\/pages\/35947\/revisions\/39806"}],"wp:attachment":[{"href":"https:\/\/book2net.net\/de\/wp-json\/wp\/v2\/media?parent=35947"}],"curies":[{"name":"wp","href":"https:\/\/api.w.org\/{rel}","templated":true}]}}